{"id":6207,"date":"2018-11-19T12:46:38","date_gmt":"2018-11-19T11:46:38","guid":{"rendered":"https:\/\/ganc.com.pl\/?page_id=6207"},"modified":"2018-11-19T12:46:38","modified_gmt":"2018-11-19T11:46:38","slug":"rodo","status":"publish","type":"page","link":"https:\/\/ganc.com.pl\/?page_id=6207","title":{"rendered":"RODO"},"content":{"rendered":"<p>Szanowni Pa\u0144stwo,<\/p>\n<p>Zgodnie z Rozporz\u0105dzeniem Parlamentu Europejskiego i\u00a0Rady (UE) 2016\/679 z\u00a0dnia 27 kwietnia 2016 r. w\u00a0sprawie ochrony os\u00f3b fizycznych w\u00a0zwi\u0105zku z\u00a0przetwarzaniem danych osobowych i\u00a0w\u00a0sprawie swobodnego przep\u0142ywu takich danych oraz\u00a0uchylenia dyrektywy 95\/46\/WE zwanego dalej Rozporz\u0105dzeniem, GANC IZOLACJE Sp. z o.o. z siedzib\u0105 w Sianowie- realizuj\u0105c sw\u00f3j obowi\u0105zek informacyjny wobec os\u00f3b, kt\u00f3rych dane osobowe przetwarza &#8211; uprzejmie informuje, \u017ce:<\/p>\n<ol>\n<li>Administratorem Pa\u0144stwa danych osobowych jest GANC IZOLACJE Sp. z o. o.,<br \/>\nz siedzib\u0105 w Sianowie (zwana dalej Administratorem) przy ul. Dworcowej 16; 76-004 Sian\u00f3w, 94\u00a0318 66 89, adres e-mail: sekretariat@ganc.com.pl<\/li>\n<li>Dane osobowe otrzymali\u015bmy od Pa\u0144stwa w trakcie lub w celu nawi\u0105zania wsp\u00f3\u0142pracy, realizacji um\u00f3w oraz z Pa\u0144stwa stron internetowych.<\/li>\n<li>Dane te dotycz\u0105: imienia i nazwiska, adresu zamieszkania, wizerunku, adresu mailowego, numeru telefonu oraz numeru dowodu to\u017csamo\u015bci lub danych w nich zawartych (w zakresie niezb\u0119dnym do zawarcia lub realizacji um\u00f3w).<\/li>\n<li>Pa\u0144stwa dane osobowe przetwarzane b\u0119d\u0105 w celu:<\/li>\n<\/ol>\n<p>&#8211; realizacji wymaga\u0144 okre\u015blonych przez przepisy podatkowe i finansowo-ksi\u0119gowe;<\/p>\n<p>&#8211; realizacji um\u00f3w cywilnoprawnych na podstawie art. 6 ust.1 lit. b Rozporz\u0105dzenia. Dane b\u0119d\u0105 przetwarzane przez okres 6 lat od daty wystawienia ostatniej faktury lub rachunku;<\/p>\n<p>&#8211; do cel\u00f3w wynikaj\u0105cych z prawnie uzasadnionych interes\u00f3w Administratora na podstawie art. 6 ust.1 lit. f Rozporz\u0105dzenia, w tym w celu dokonywania analiz handlowych i finansowych, dochodzenia roszcze\u0144 lub obrony praw do czasu up\u0142ywu terminu przedawnienia roszcze\u0144 lub na czas niezb\u0119dny do zapewnienia obrony praw Administratora.<\/p>\n<ol start=\"5\">\n<li>Odbiorcami Pa\u0144stwa danych osobowych w zakresie niezb\u0119dnym do realizacji w\/w cel\u00f3w mog\u0105 by\u0107:<\/li>\n<\/ol>\n<p>&#8211; dostawcy us\u0142ug i system\u00f3w informatycznych,<\/p>\n<p>&#8211; operatorzy p\u0142atno\u015bci,<\/p>\n<p>&#8211; operatorzy pocztowi i firmy kurierskie,<\/p>\n<p>&#8211; dostawcy us\u0142ug transportowych,<\/p>\n<p>&#8211; kancelaria prawna,<\/p>\n<p>&#8211; brokerzy ubezpieczeniowi, ubezpieczyciele.<\/p>\n<p>Odbiorcami Pa\u0144stwa danych mog\u0105 by\u0107 jedynie osoby i podmioty upowa\u017cnione do przetwarzania danych lub osoby albo podmioty, kt\u00f3rym dane osobowe zosta\u0142y powierzone, jak i uprawnione na podstawie przepis\u00f3w prawa organy publiczne.<\/p>\n<ol start=\"6\">\n<li>Przys\u0142uguje Pa\u0144stwu prawo do \u017c\u0105dania dost\u0119pu do danych osobowych, ich sprostowania, usuni\u0119cia lub ograniczenia przetwarzania, prawo do wniesienia sprzeciwu wobec przetwarzania, prawo do cofni\u0119cia zgody na przetwarzanie danych osobowych w dowolnym momencie. Adresem w\u0142a\u015bciwym do takiego \u017c\u0105dania jest adres sp\u00f3\u0142ki lub adres email: <a href=\"mailto:sekretariat@ganc.com.pl\">sekretariat@ganc.com.pl<\/a>. Przys\u0142uguje Pa\u0144stwu prawo wniesienia skargi do organu nadzorczego tj. Prezesa Urz\u0119du Ochrony Danych Osobowych.<\/li>\n<\/ol>\n","protected":false},"excerpt":{"rendered":"<p>Szanowni Pa\u0144stwo, Zgodnie z Rozporz\u0105dzeniem Parlamentu Europejskiego i\u00a0Rady (UE) 2016\/679 z\u00a0dnia 27 kwietnia 2016 r. w\u00a0sprawie ochrony os\u00f3b fizycznych w\u00a0zwi\u0105zku z\u00a0przetwarzaniem danych osobowych i\u00a0w\u00a0sprawie swobodnego przep\u0142ywu takich danych oraz\u00a0uchylenia dyrektywy 95\/46\/WE zwanego dalej Rozporz\u0105dzeniem, GANC IZOLACJE Sp. z o.o. z siedzib\u0105 w Sianowie- realizuj\u0105c sw\u00f3j obowi\u0105zek informacyjny wobec os\u00f3b, kt\u00f3rych dane osobowe przetwarza &#8211; uprzejmie [&hellip;]<\/p>\n","protected":false},"author":5,"featured_media":0,"parent":0,"menu_order":120,"comment_status":"closed","ping_status":"closed","template":"","meta":{"footnotes":""},"class_list":["post-6207","page","type-page","status-publish","hentry"],"yoast_head":"<!-- This site is optimized with the Yoast SEO plugin v27.5 - https:\/\/yoast.com\/product\/yoast-seo-wordpress\/ -->\n<title>RODO - GANC IZOLACJE Sp. z o.o.<\/title>\n<meta name=\"robots\" content=\"index, follow, max-snippet:-1, max-image-preview:large, max-video-preview:-1\" \/>\n<link rel=\"canonical\" href=\"https:\/\/ganc.com.pl\/?page_id=6207\" \/>\n<meta property=\"og:locale\" content=\"pl_PL\" \/>\n<meta property=\"og:type\" content=\"article\" \/>\n<meta property=\"og:title\" content=\"RODO - GANC IZOLACJE Sp. z o.o.\" \/>\n<meta property=\"og:description\" content=\"Szanowni Pa\u0144stwo, Zgodnie z Rozporz\u0105dzeniem Parlamentu Europejskiego i\u00a0Rady (UE) 2016\/679 z\u00a0dnia 27 kwietnia 2016 r. w\u00a0sprawie ochrony os\u00f3b fizycznych w\u00a0zwi\u0105zku z\u00a0przetwarzaniem danych osobowych i\u00a0w\u00a0sprawie swobodnego przep\u0142ywu takich danych oraz\u00a0uchylenia dyrektywy 95\/46\/WE zwanego dalej Rozporz\u0105dzeniem, GANC IZOLACJE Sp. z o.o. z siedzib\u0105 w Sianowie- realizuj\u0105c sw\u00f3j obowi\u0105zek informacyjny wobec os\u00f3b, kt\u00f3rych dane osobowe przetwarza &#8211; uprzejmie [&hellip;]\" \/>\n<meta property=\"og:url\" content=\"https:\/\/ganc.com.pl\/?page_id=6207\" \/>\n<meta property=\"og:site_name\" content=\"GANC IZOLACJE Sp. z o.o.\" \/>\n<meta name=\"twitter:card\" content=\"summary_large_image\" \/>\n<meta name=\"twitter:label1\" content=\"Szacowany czas czytania\" \/>\n\t<meta name=\"twitter:data1\" content=\"2 minuty\" \/>\n<script type=\"application\/ld+json\" class=\"yoast-schema-graph\">{\"@context\":\"https:\\\/\\\/schema.org\",\"@graph\":[{\"@type\":\"WebPage\",\"@id\":\"https:\\\/\\\/ganc.com.pl\\\/?page_id=6207\",\"url\":\"https:\\\/\\\/ganc.com.pl\\\/?page_id=6207\",\"name\":\"RODO - GANC IZOLACJE Sp. z o.o.\",\"isPartOf\":{\"@id\":\"https:\\\/\\\/ganc.com.pl\\\/#website\"},\"datePublished\":\"2018-11-19T11:46:38+00:00\",\"breadcrumb\":{\"@id\":\"https:\\\/\\\/ganc.com.pl\\\/?page_id=6207#breadcrumb\"},\"inLanguage\":\"pl-PL\",\"potentialAction\":[{\"@type\":\"ReadAction\",\"target\":[\"https:\\\/\\\/ganc.com.pl\\\/?page_id=6207\"]}]},{\"@type\":\"BreadcrumbList\",\"@id\":\"https:\\\/\\\/ganc.com.pl\\\/?page_id=6207#breadcrumb\",\"itemListElement\":[{\"@type\":\"ListItem\",\"position\":1,\"name\":\"Strona g\u0142\u00f3wna\",\"item\":\"https:\\\/\\\/ganc.com.pl\\\/\"},{\"@type\":\"ListItem\",\"position\":2,\"name\":\"RODO\"}]},{\"@type\":\"WebSite\",\"@id\":\"https:\\\/\\\/ganc.com.pl\\\/#website\",\"url\":\"https:\\\/\\\/ganc.com.pl\\\/\",\"name\":\"GANC IZOLACJE Sp. z o.o.\",\"description\":\"Sian\u00f3w, Dworcowa 16\",\"potentialAction\":[{\"@type\":\"SearchAction\",\"target\":{\"@type\":\"EntryPoint\",\"urlTemplate\":\"https:\\\/\\\/ganc.com.pl\\\/?s={search_term_string}\"},\"query-input\":{\"@type\":\"PropertyValueSpecification\",\"valueRequired\":true,\"valueName\":\"search_term_string\"}}],\"inLanguage\":\"pl-PL\"}]}<\/script>\n<!-- \/ Yoast SEO plugin. -->","yoast_head_json":{"title":"RODO - GANC IZOLACJE Sp. z o.o.","robots":{"index":"index","follow":"follow","max-snippet":"max-snippet:-1","max-image-preview":"max-image-preview:large","max-video-preview":"max-video-preview:-1"},"canonical":"https:\/\/ganc.com.pl\/?page_id=6207","og_locale":"pl_PL","og_type":"article","og_title":"RODO - GANC IZOLACJE Sp. z o.o.","og_description":"Szanowni Pa\u0144stwo, Zgodnie z Rozporz\u0105dzeniem Parlamentu Europejskiego i\u00a0Rady (UE) 2016\/679 z\u00a0dnia 27 kwietnia 2016 r. w\u00a0sprawie ochrony os\u00f3b fizycznych w\u00a0zwi\u0105zku z\u00a0przetwarzaniem danych osobowych i\u00a0w\u00a0sprawie swobodnego przep\u0142ywu takich danych oraz\u00a0uchylenia dyrektywy 95\/46\/WE zwanego dalej Rozporz\u0105dzeniem, GANC IZOLACJE Sp. z o.o. z siedzib\u0105 w Sianowie- realizuj\u0105c sw\u00f3j obowi\u0105zek informacyjny wobec os\u00f3b, kt\u00f3rych dane osobowe przetwarza &#8211; uprzejmie [&hellip;]","og_url":"https:\/\/ganc.com.pl\/?page_id=6207","og_site_name":"GANC IZOLACJE Sp. z o.o.","twitter_card":"summary_large_image","twitter_misc":{"Szacowany czas czytania":"2 minuty"},"schema":{"@context":"https:\/\/schema.org","@graph":[{"@type":"WebPage","@id":"https:\/\/ganc.com.pl\/?page_id=6207","url":"https:\/\/ganc.com.pl\/?page_id=6207","name":"RODO - GANC IZOLACJE Sp. z o.o.","isPartOf":{"@id":"https:\/\/ganc.com.pl\/#website"},"datePublished":"2018-11-19T11:46:38+00:00","breadcrumb":{"@id":"https:\/\/ganc.com.pl\/?page_id=6207#breadcrumb"},"inLanguage":"pl-PL","potentialAction":[{"@type":"ReadAction","target":["https:\/\/ganc.com.pl\/?page_id=6207"]}]},{"@type":"BreadcrumbList","@id":"https:\/\/ganc.com.pl\/?page_id=6207#breadcrumb","itemListElement":[{"@type":"ListItem","position":1,"name":"Strona g\u0142\u00f3wna","item":"https:\/\/ganc.com.pl\/"},{"@type":"ListItem","position":2,"name":"RODO"}]},{"@type":"WebSite","@id":"https:\/\/ganc.com.pl\/#website","url":"https:\/\/ganc.com.pl\/","name":"GANC IZOLACJE Sp. z o.o.","description":"Sian\u00f3w, Dworcowa 16","potentialAction":[{"@type":"SearchAction","target":{"@type":"EntryPoint","urlTemplate":"https:\/\/ganc.com.pl\/?s={search_term_string}"},"query-input":{"@type":"PropertyValueSpecification","valueRequired":true,"valueName":"search_term_string"}}],"inLanguage":"pl-PL"}]}},"_links":{"self":[{"href":"https:\/\/ganc.com.pl\/index.php?rest_route=\/wp\/v2\/pages\/6207","targetHints":{"allow":["GET"]}}],"collection":[{"href":"https:\/\/ganc.com.pl\/index.php?rest_route=\/wp\/v2\/pages"}],"about":[{"href":"https:\/\/ganc.com.pl\/index.php?rest_route=\/wp\/v2\/types\/page"}],"author":[{"embeddable":true,"href":"https:\/\/ganc.com.pl\/index.php?rest_route=\/wp\/v2\/users\/5"}],"replies":[{"embeddable":true,"href":"https:\/\/ganc.com.pl\/index.php?rest_route=%2Fwp%2Fv2%2Fcomments&post=6207"}],"version-history":[{"count":1,"href":"https:\/\/ganc.com.pl\/index.php?rest_route=\/wp\/v2\/pages\/6207\/revisions"}],"predecessor-version":[{"id":6208,"href":"https:\/\/ganc.com.pl\/index.php?rest_route=\/wp\/v2\/pages\/6207\/revisions\/6208"}],"wp:attachment":[{"href":"https:\/\/ganc.com.pl\/index.php?rest_route=%2Fwp%2Fv2%2Fmedia&parent=6207"}],"curies":[{"name":"wp","href":"https:\/\/api.w.org\/{rel}","templated":true}]}}