{"id":12,"date":"2015-04-21T17:07:21","date_gmt":"2015-04-21T15:07:21","guid":{"rendered":"http:\/\/ganc.com.pl\/?page_id=12"},"modified":"2015-05-11T23:08:59","modified_gmt":"2015-05-11T21:08:59","slug":"oferta","status":"publish","type":"page","link":"https:\/\/ganc.com.pl\/?page_id=12","title":{"rendered":"OFERTA"},"content":{"rendered":"<p><a href=\"http:\/\/www.coolit.de\/\" target=\"_blank\"><img loading=\"lazy\" decoding=\"async\" class=\" size-medium wp-image-55 aligncenter\" src=\"http:\/\/ganc.com.pl\/wp-content\/uploads\/2015\/04\/cool-it-300x132.png\" alt=\"cool it\" width=\"300\" height=\"132\" srcset=\"https:\/\/ganc.com.pl\/wp-content\/uploads\/2015\/04\/cool-it-300x132.png 300w, https:\/\/ganc.com.pl\/wp-content\/uploads\/2015\/04\/cool-it.png 406w\" sizes=\"auto, (max-width: 300px) 100vw, 300px\" \/><\/a><\/p>\n<p>PROFIL DZIA\u0141ALNO\u015aCI:<\/p>\n<ul>\n<li>budowa ch\u0142odni i mro\u017ani<\/li>\n<li>izolacja termiczna p\u0142ytami warstwowymi kom\u00f3r, pomieszcze\u0144, strop\u00f3w,\u2026.. itd<\/li>\n<li>dob\u00f3r stolarki drzwiowej ch\u0142odniczej, mro\u017aniczej i przemys\u0142owej, ramp prze\u0142adowczych oraz bram z automatyk\u0105<\/li>\n<li>us\u0142ugi posadzkarskie i glazurnicze ze specjalizacj\u0105 w obiektach przemys\u0142u spo\u017cywczego (browary, mleczarnie, masarnie, wytw\u00f3rnie lod\u00f3w), oraz us\u0142ugi posadzkarskie specjalistyczne chemoodporne<\/li>\n<li>projektowanie obiekt\u00f3w przemys\u0142owych<\/li>\n<li>projektowanie i wykonawstwo pomocniczych element\u00f3w dla obiekt\u00f3w przemys\u0142owych (schody, podesty, itp.)<\/li>\n<li>projektowanie hal produkcyjnych w systemie p\u0142yt warstwowych,<\/li>\n<li>wykonawstwo obiekt\u00f3w w przemys\u0142owych(przetw\u00f3rnie, zak\u0142ady spo\u017cywcze, itp.),<\/li>\n<li>modernizacja starych obiekt\u00f3w przemys\u0142owych,<\/li>\n<li>prace remontowe w wy\u017cej wymienionych obiektach,<\/li>\n<li>demonta\u017c i przenoszenie obiekt\u00f3w<\/li>\n<\/ul>\n<p>Sprawd\u017a tak\u017ce: <a href=\"http:\/\/ganc.com.pl\/?page_id=25\">oferta MAGAZYNOWA<\/a> oraz <a href=\"http:\/\/ganc.com.pl\/?page_id=27\">oferta WYPRZEDA\u017bOWA<\/a><\/p>\n","protected":false},"excerpt":{"rendered":"<p>PROFIL DZIA\u0141ALNO\u015aCI: budowa ch\u0142odni i mro\u017ani izolacja termiczna p\u0142ytami warstwowymi kom\u00f3r, pomieszcze\u0144, strop\u00f3w,\u2026.. itd dob\u00f3r stolarki drzwiowej ch\u0142odniczej, mro\u017aniczej i przemys\u0142owej, ramp prze\u0142adowczych oraz bram z automatyk\u0105 us\u0142ugi posadzkarskie i glazurnicze ze specjalizacj\u0105 w obiektach przemys\u0142u spo\u017cywczego (browary, mleczarnie, masarnie, wytw\u00f3rnie lod\u00f3w), oraz us\u0142ugi posadzkarskie specjalistyczne chemoodporne projektowanie obiekt\u00f3w przemys\u0142owych projektowanie i wykonawstwo pomocniczych element\u00f3w [&hellip;]<\/p>\n","protected":false},"author":1,"featured_media":0,"parent":0,"menu_order":20,"comment_status":"open","ping_status":"open","template":"","meta":{"footnotes":""},"class_list":["post-12","page","type-page","status-publish","hentry"],"yoast_head":"<!-- This site is optimized with the Yoast SEO plugin v27.5 - https:\/\/yoast.com\/product\/yoast-seo-wordpress\/ -->\n<title>OFERTA - GANC IZOLACJE Sp. z o.o.<\/title>\n<meta name=\"robots\" content=\"index, follow, max-snippet:-1, max-image-preview:large, max-video-preview:-1\" \/>\n<link rel=\"canonical\" href=\"https:\/\/ganc.com.pl\/?page_id=12\" \/>\n<meta property=\"og:locale\" content=\"pl_PL\" \/>\n<meta property=\"og:type\" content=\"article\" \/>\n<meta property=\"og:title\" content=\"OFERTA - GANC IZOLACJE Sp. z o.o.\" \/>\n<meta property=\"og:description\" content=\"PROFIL DZIA\u0141ALNO\u015aCI: budowa ch\u0142odni i mro\u017ani izolacja termiczna p\u0142ytami warstwowymi kom\u00f3r, pomieszcze\u0144, strop\u00f3w,\u2026.. itd dob\u00f3r stolarki drzwiowej ch\u0142odniczej, mro\u017aniczej i przemys\u0142owej, ramp prze\u0142adowczych oraz bram z automatyk\u0105 us\u0142ugi posadzkarskie i glazurnicze ze specjalizacj\u0105 w obiektach przemys\u0142u spo\u017cywczego (browary, mleczarnie, masarnie, wytw\u00f3rnie lod\u00f3w), oraz us\u0142ugi posadzkarskie specjalistyczne chemoodporne projektowanie obiekt\u00f3w przemys\u0142owych projektowanie i wykonawstwo pomocniczych element\u00f3w [&hellip;]\" \/>\n<meta property=\"og:url\" content=\"https:\/\/ganc.com.pl\/?page_id=12\" \/>\n<meta property=\"og:site_name\" content=\"GANC IZOLACJE Sp. z o.o.\" \/>\n<meta property=\"article:modified_time\" content=\"2015-05-11T21:08:59+00:00\" \/>\n<meta property=\"og:image\" content=\"http:\/\/ganc.com.pl\/wp-content\/uploads\/2015\/04\/cool-it-300x132.png\" \/>\n<meta name=\"twitter:card\" content=\"summary_large_image\" \/>\n<meta name=\"twitter:label1\" content=\"Szacowany czas czytania\" \/>\n\t<meta name=\"twitter:data1\" content=\"1 minuta\" \/>\n<script type=\"application\/ld+json\" class=\"yoast-schema-graph\">{\"@context\":\"https:\\\/\\\/schema.org\",\"@graph\":[{\"@type\":\"WebPage\",\"@id\":\"https:\\\/\\\/ganc.com.pl\\\/?page_id=12\",\"url\":\"https:\\\/\\\/ganc.com.pl\\\/?page_id=12\",\"name\":\"OFERTA - GANC IZOLACJE Sp. z o.o.\",\"isPartOf\":{\"@id\":\"https:\\\/\\\/ganc.com.pl\\\/#website\"},\"primaryImageOfPage\":{\"@id\":\"https:\\\/\\\/ganc.com.pl\\\/?page_id=12#primaryimage\"},\"image\":{\"@id\":\"https:\\\/\\\/ganc.com.pl\\\/?page_id=12#primaryimage\"},\"thumbnailUrl\":\"http:\\\/\\\/ganc.com.pl\\\/wp-content\\\/uploads\\\/2015\\\/04\\\/cool-it-300x132.png\",\"datePublished\":\"2015-04-21T15:07:21+00:00\",\"dateModified\":\"2015-05-11T21:08:59+00:00\",\"breadcrumb\":{\"@id\":\"https:\\\/\\\/ganc.com.pl\\\/?page_id=12#breadcrumb\"},\"inLanguage\":\"pl-PL\",\"potentialAction\":[{\"@type\":\"ReadAction\",\"target\":[\"https:\\\/\\\/ganc.com.pl\\\/?page_id=12\"]}]},{\"@type\":\"ImageObject\",\"inLanguage\":\"pl-PL\",\"@id\":\"https:\\\/\\\/ganc.com.pl\\\/?page_id=12#primaryimage\",\"url\":\"https:\\\/\\\/ganc.com.pl\\\/wp-content\\\/uploads\\\/2015\\\/04\\\/cool-it.png\",\"contentUrl\":\"https:\\\/\\\/ganc.com.pl\\\/wp-content\\\/uploads\\\/2015\\\/04\\\/cool-it.png\",\"width\":406,\"height\":178},{\"@type\":\"BreadcrumbList\",\"@id\":\"https:\\\/\\\/ganc.com.pl\\\/?page_id=12#breadcrumb\",\"itemListElement\":[{\"@type\":\"ListItem\",\"position\":1,\"name\":\"Strona g\u0142\u00f3wna\",\"item\":\"https:\\\/\\\/ganc.com.pl\\\/\"},{\"@type\":\"ListItem\",\"position\":2,\"name\":\"OFERTA\"}]},{\"@type\":\"WebSite\",\"@id\":\"https:\\\/\\\/ganc.com.pl\\\/#website\",\"url\":\"https:\\\/\\\/ganc.com.pl\\\/\",\"name\":\"GANC IZOLACJE Sp. z o.o.\",\"description\":\"Sian\u00f3w, Dworcowa 16\",\"potentialAction\":[{\"@type\":\"SearchAction\",\"target\":{\"@type\":\"EntryPoint\",\"urlTemplate\":\"https:\\\/\\\/ganc.com.pl\\\/?s={search_term_string}\"},\"query-input\":{\"@type\":\"PropertyValueSpecification\",\"valueRequired\":true,\"valueName\":\"search_term_string\"}}],\"inLanguage\":\"pl-PL\"}]}<\/script>\n<!-- \/ Yoast SEO plugin. -->","yoast_head_json":{"title":"OFERTA - GANC IZOLACJE Sp. z o.o.","robots":{"index":"index","follow":"follow","max-snippet":"max-snippet:-1","max-image-preview":"max-image-preview:large","max-video-preview":"max-video-preview:-1"},"canonical":"https:\/\/ganc.com.pl\/?page_id=12","og_locale":"pl_PL","og_type":"article","og_title":"OFERTA - GANC IZOLACJE Sp. z o.o.","og_description":"PROFIL DZIA\u0141ALNO\u015aCI: budowa ch\u0142odni i mro\u017ani izolacja termiczna p\u0142ytami warstwowymi kom\u00f3r, pomieszcze\u0144, strop\u00f3w,\u2026.. itd dob\u00f3r stolarki drzwiowej ch\u0142odniczej, mro\u017aniczej i przemys\u0142owej, ramp prze\u0142adowczych oraz bram z automatyk\u0105 us\u0142ugi posadzkarskie i glazurnicze ze specjalizacj\u0105 w obiektach przemys\u0142u spo\u017cywczego (browary, mleczarnie, masarnie, wytw\u00f3rnie lod\u00f3w), oraz us\u0142ugi posadzkarskie specjalistyczne chemoodporne projektowanie obiekt\u00f3w przemys\u0142owych projektowanie i wykonawstwo pomocniczych element\u00f3w [&hellip;]","og_url":"https:\/\/ganc.com.pl\/?page_id=12","og_site_name":"GANC IZOLACJE Sp. z o.o.","article_modified_time":"2015-05-11T21:08:59+00:00","og_image":[{"url":"http:\/\/ganc.com.pl\/wp-content\/uploads\/2015\/04\/cool-it-300x132.png","type":"","width":"","height":""}],"twitter_card":"summary_large_image","twitter_misc":{"Szacowany czas czytania":"1 minuta"},"schema":{"@context":"https:\/\/schema.org","@graph":[{"@type":"WebPage","@id":"https:\/\/ganc.com.pl\/?page_id=12","url":"https:\/\/ganc.com.pl\/?page_id=12","name":"OFERTA - GANC IZOLACJE Sp. z o.o.","isPartOf":{"@id":"https:\/\/ganc.com.pl\/#website"},"primaryImageOfPage":{"@id":"https:\/\/ganc.com.pl\/?page_id=12#primaryimage"},"image":{"@id":"https:\/\/ganc.com.pl\/?page_id=12#primaryimage"},"thumbnailUrl":"http:\/\/ganc.com.pl\/wp-content\/uploads\/2015\/04\/cool-it-300x132.png","datePublished":"2015-04-21T15:07:21+00:00","dateModified":"2015-05-11T21:08:59+00:00","breadcrumb":{"@id":"https:\/\/ganc.com.pl\/?page_id=12#breadcrumb"},"inLanguage":"pl-PL","potentialAction":[{"@type":"ReadAction","target":["https:\/\/ganc.com.pl\/?page_id=12"]}]},{"@type":"ImageObject","inLanguage":"pl-PL","@id":"https:\/\/ganc.com.pl\/?page_id=12#primaryimage","url":"https:\/\/ganc.com.pl\/wp-content\/uploads\/2015\/04\/cool-it.png","contentUrl":"https:\/\/ganc.com.pl\/wp-content\/uploads\/2015\/04\/cool-it.png","width":406,"height":178},{"@type":"BreadcrumbList","@id":"https:\/\/ganc.com.pl\/?page_id=12#breadcrumb","itemListElement":[{"@type":"ListItem","position":1,"name":"Strona g\u0142\u00f3wna","item":"https:\/\/ganc.com.pl\/"},{"@type":"ListItem","position":2,"name":"OFERTA"}]},{"@type":"WebSite","@id":"https:\/\/ganc.com.pl\/#website","url":"https:\/\/ganc.com.pl\/","name":"GANC IZOLACJE Sp. z o.o.","description":"Sian\u00f3w, Dworcowa 16","potentialAction":[{"@type":"SearchAction","target":{"@type":"EntryPoint","urlTemplate":"https:\/\/ganc.com.pl\/?s={search_term_string}"},"query-input":{"@type":"PropertyValueSpecification","valueRequired":true,"valueName":"search_term_string"}}],"inLanguage":"pl-PL"}]}},"_links":{"self":[{"href":"https:\/\/ganc.com.pl\/index.php?rest_route=\/wp\/v2\/pages\/12","targetHints":{"allow":["GET"]}}],"collection":[{"href":"https:\/\/ganc.com.pl\/index.php?rest_route=\/wp\/v2\/pages"}],"about":[{"href":"https:\/\/ganc.com.pl\/index.php?rest_route=\/wp\/v2\/types\/page"}],"author":[{"embeddable":true,"href":"https:\/\/ganc.com.pl\/index.php?rest_route=\/wp\/v2\/users\/1"}],"replies":[{"embeddable":true,"href":"https:\/\/ganc.com.pl\/index.php?rest_route=%2Fwp%2Fv2%2Fcomments&post=12"}],"version-history":[{"count":5,"href":"https:\/\/ganc.com.pl\/index.php?rest_route=\/wp\/v2\/pages\/12\/revisions"}],"predecessor-version":[{"id":56,"href":"https:\/\/ganc.com.pl\/index.php?rest_route=\/wp\/v2\/pages\/12\/revisions\/56"}],"wp:attachment":[{"href":"https:\/\/ganc.com.pl\/index.php?rest_route=%2Fwp%2Fv2%2Fmedia&parent=12"}],"curies":[{"name":"wp","href":"https:\/\/api.w.org\/{rel}","templated":true}]}}